{"id":120,"date":"2021-01-13T03:57:45","date_gmt":"2021-01-13T00:57:45","guid":{"rendered":"https:\/\/shtheme.org\/demosd\/logistek\/?page_id=120"},"modified":"2023-03-27T15:01:47","modified_gmt":"2023-03-27T12:01:47","slug":"%d0%be-%d0%bd%d0%b0%d1%81","status":"publish","type":"page","link":"https:\/\/www.mondedisticaret.com\/ru\/hakkimizda\/","title":{"rendered":"\u041e \u041d\u0410\u0421"},"content":{"rendered":"<div data-elementor-type=\"wp-page\" data-elementor-id=\"120\" class=\"elementor elementor-120\" data-elementor-post-type=\"page\">\n\t\t\t\t\t\t<section class=\"elementor-section elementor-top-section elementor-element elementor-element-91f8399 elementor-section-full_width elementor-section-height-default elementor-section-height-default\" data-id=\"91f8399\" data-element_type=\"section\" data-e-type=\"section\">\n\t\t\t\t\t\t<div class=\"elementor-container elementor-column-gap-no\">\n\t\t\t\t\t<div class=\"elementor-column elementor-col-100 elementor-top-column elementor-element elementor-element-3b490ea\" data-id=\"3b490ea\" data-element_type=\"column\" data-e-type=\"column\">\n\t\t\t<div class=\"elementor-widget-wrap elementor-element-populated\">\n\t\t\t\t\t\t<div class=\"elementor-element elementor-element-38ce753 elementor-align-left elementor-widget elementor-widget-page-header\" data-id=\"38ce753\" data-element_type=\"widget\" data-e-type=\"widget\" data-widget_type=\"page-header.default\">\n\t\t\t\t<div class=\"elementor-widget-container\">\n\t\t\t\t\t\r\n\t\t\t\t<section class=\"page-title-section\" style=\"background-color: #f8f8f8;\t\tbackground-image: url(https:\/\/shtheme.org\/demosd\/logistek\/wp-content\/uploads\/2021\/04\/page-title-bg.jpg);\t\tcolor: #fff;\">\r\n\t\t\r\n\t\t\t<div class=\"container\">\r\n\r\n\t\t\t\t<div class=\"row\">\r\n\r\n\t\t\t\t\t<div class=\"col-xl-12 text-center\">\r\n\r\n\t\t\t\t\t\t<div class=\"page-title-content\">\r\n\r\n\t\t\t\t\t\t\t\t\t\t\t\t\t\t<h3 class=\"title text-white\">\u041e \u043d\u0430\u0441<\/h3>\r\n\t\t\t\t\t\t\t\r\n\t\t\t\t\t\t\t<nav aria-label=\"\u0445\u043b\u0435\u0431\u043d\u0430\u044f \u043a\u0440\u043e\u0448\u043a\u0430\">\r\n\r\n\t\t\t\t\t\t\t\t<ol class=\"breadcrumb\">\r\n\r\n\t\t\t\t\t\t\t\t\t<li class=\"breadcrumb-item\"><a href=\"https:\/\/www.mondedisticaret.com\/ru\/\">\u0413\u043b\u0430\u0432\u043d\u0430\u044f<\/a><\/li>\r\n\r\n\t\t\t\t\t\t\t\t\t\t\t\t\t\t\t\t\t\t<li class=\"breadcrumb-item active\" aria-current=\"page\">\u041e \u043d\u0430\u0441<\/li>\r\n\t\t\t\t\t\t\t\t\t\r\n\t\t\t\t\t\t\t\t<\/ol>\r\n\r\n\t\t\t\t\t\t\t<\/nav>\r\n\r\n\t\t\t\t\t\t<\/div>\r\n\r\n\t\t\t\t\t<\/div>\r\n\r\n\t\t\t\t<\/div>\r\n\r\n\t\t\t<\/div>\r\n\r\n\t\t<\/section>\r\n\r\n\t\t\t\t\t<\/div>\n\t\t\t\t<\/div>\n\t\t\t\t\t<\/div>\n\t\t<\/div>\n\t\t\t\t\t<\/div>\n\t\t<\/section>\n\t\t\t\t<section class=\"elementor-section elementor-top-section elementor-element elementor-element-2be9565 elementor-section-full_width elementor-section-height-default elementor-section-height-default\" data-id=\"2be9565\" data-element_type=\"section\" data-e-type=\"section\">\n\t\t\t\t\t\t<div class=\"elementor-container elementor-column-gap-no\">\n\t\t\t\t\t<div class=\"elementor-column elementor-col-100 elementor-top-column elementor-element elementor-element-a476f51\" data-id=\"a476f51\" data-element_type=\"column\" data-e-type=\"column\">\n\t\t\t<div class=\"elementor-widget-wrap elementor-element-populated\">\n\t\t\t\t\t\t<div class=\"elementor-element elementor-element-6e73420 elementor-align-left elementor-widget elementor-widget-page-about\" data-id=\"6e73420\" data-element_type=\"widget\" data-e-type=\"widget\" data-widget_type=\"page-about.default\">\n\t\t\t\t<div class=\"elementor-widget-container\">\n\t\t\t\t\t\r\n\t\t\t\t<section class=\"about-section anim-object pdt-110 pdb-170 pdb-lg-110\" data-background=\"https:\/\/shtheme.org\/demosd\/logistek\/wp-content\/uploads\/2021\/04\/abs-bg1.png\">\r\n\t\t\r\n\t\t\t<div class=\"container\">\r\n\r\n\t\t\t\t<div class=\"row align-items-center\">\r\n\r\n\t\t\t\t\t<div class=\"col-md-12 col-xl-6\">\r\n\r\n\t\t\t\t\t\t<div class=\"about-image-box mrr-60 mrr-lg-0 mrb-lg-110\">\r\n\r\n\t\t\t\t\t\t\t\t\t\t\t\t\t\t<img decoding=\"async\" class=\"about-image1 img-full js-tilt d-none d-xl-block\" src=\"https:\/\/shtheme.org\/demosd\/logistek\/wp-content\/uploads\/2021\/04\/ab2.jpg\" alt=\"\">\r\n\t\t\t\t\t\t\t\r\n\t\t\t\t\t\t\t\t\t\t\t\t\t\t<img decoding=\"async\" class=\"about-image2 img-full\" src=\"https:\/\/shtheme.org\/demosd\/logistek\/wp-content\/uploads\/2021\/04\/ab3.jpg\" alt=\"\">\r\n\t\t\t\t\t\t\t\r\n\t\t\t\t\t\t\t\t\t\t\t\t\t\t<div class=\"experience\"><p>\u041c\u044b \u043f\u043e\u0441\u0442\u043e\u044f\u043d\u043d\u043e \u043f\u043b\u0430\u043d\u0438\u0440\u0443\u0435\u043c \u043f\u0440\u0435\u0434\u043e\u0441\u0442\u0430\u0432\u0438\u0442\u044c \u0432\u0430\u043c \u043b\u0443\u0447\u0448\u0438\u0439 \u0441\u0435\u0440\u0432\u0438\u0441.<\/p><\/div>\r\n\t\t\t\t\t\t\t\r\n\t\t\t\t\t\t<\/div>\r\n\r\n\t\t\t\t\t<\/div>\r\n\r\n\t\t\t\t\t<div class=\"col-md-12 col-xl-6 pdl-60\">\r\n\r\n\t\t\t\t\t\t\t\t\t\t\t\t<h5 class=\"side-line-left text-primary-color mrb-15\">\u041c\u043e\u043d\u0434 \u0412\u043d\u0435\u0448\u043d\u044f\u044f \u0442\u043e\u0440\u0433\u043e\u0432\u043b\u044f<\/h5>\r\n\t\t\t\t\t\t\r\n\t\t\t\t\t\t\t\t\t\t\t\t<h2 class=\"text-uppercase mrb-30\">\u0423\u0437\u043d\u0430\u0439\u0442\u0435 \u043d\u0430\u0441<\/h2>\r\n\t\t\t\t\t\t\r\n\t\t\t\t\t\t\t\t\t\t\t\t<ul class=\"order-list primary-color mrb-40\">\r\n\t\t\t\t\t\t\t<li>\u0423\u043f\u0440\u0430\u0432\u043b\u0435\u043d\u0438\u0435 \u043e\u0440\u0433\u0430\u043d\u0438\u0437\u0430\u0446\u0438\u0435\u0439<\/li>\n<li>\u0418\u043d\u043d\u043e\u0432\u0430\u0446\u0438\u0438 \u0432 \u044d\u043b\u0435\u043a\u0442\u0440\u043e\u043d\u043d\u043e\u0439 \u043a\u043e\u043c\u043c\u0435\u0440\u0446\u0438\u0438<\/li>\n<li>\u0423\u043b\u0443\u0447\u0448\u0435\u043d\u0438\u0435 \u043d\u0430\u0448\u0438\u0445 \u043e\u0442\u043d\u043e\u0448\u0435\u043d\u0438\u0439 \u0441 \u043a\u043b\u0438\u0435\u043d\u0442\u0430\u043c\u0438<\/li>\n<li>\u041d\u0430\u0448\u0435 \u0432\u0438\u0434\u0435\u043d\u0438\u0435 \u0438 \u043c\u0438\u0441\u0441\u0438\u044f<\/li>\t\t\t\t\t\t<\/ul>\r\n\t\t\t\t\t\t\r\n\t\t\t\t\t\t\t\t\t\t\t\t<p class=\"mrb-40\">\u041a\u043e\u043c\u043f\u0430\u043d\u0438\u044f MONDE FOREIGN TRADE \u0431\u044b\u043b\u0430 \u043e\u0441\u043d\u043e\u0432\u0430\u043d\u0430 \u0432 \u0421\u0442\u0430\u043c\u0431\u0443\u043b\u0435 \u0432 2014 \u0433\u043e\u0434\u0443. \u041e\u043d\u0430 \u0437\u0430\u043d\u0438\u043c\u0430\u0435\u0442\u0441\u044f \u043c\u0430\u0440\u043a\u0435\u0442\u0438\u043d\u0433\u043e\u043c \u0438 \u043f\u0440\u043e\u0434\u0430\u0436\u0430\u043c\u0438 \u0432 \u043e\u0431\u043b\u0430\u0441\u0442\u044f\u0445, \u0438\u0437\u0432\u0435\u0441\u0442\u043d\u044b\u0445 \u043d\u0430\u043c \u043a\u0430\u043a \u0432\u043d\u0435\u0448\u043d\u044f\u044f \u0442\u043e\u0440\u0433\u043e\u0432\u043b\u044f, \u044d\u043b\u0435\u043a\u0442\u0440\u043e\u043d\u043d\u0430\u044f \u043a\u043e\u043c\u043c\u0435\u0440\u0446\u0438\u044f \u0438 \u0438\u043d\u0442\u0435\u0440\u043d\u0435\u0442-\u043c\u0430\u0433\u0430\u0437\u0438\u043d.\n\n\u0421\u043e \u0434\u043d\u044f \u043e\u0441\u043d\u043e\u0432\u0430\u043d\u0438\u044f \u043a\u043e\u043c\u043f\u0430\u043d\u0438\u0438 \u0435\u0435 \u043e\u0441\u043d\u043e\u0432\u043d\u043e\u0439 \u0446\u0435\u043b\u044c\u044e \u044f\u0432\u043b\u044f\u0435\u0442\u0441\u044f \u043c\u0430\u0440\u043a\u0435\u0442\u0438\u043d\u0433 \u0438 \u043f\u0440\u043e\u0434\u0430\u0436\u0430 \u043f\u0440\u043e\u0434\u0443\u043a\u0446\u0438\u0438 \u0442\u0443\u0440\u0435\u0446\u043a\u0438\u0445 \u043a\u043e\u043c\u043f\u0430\u043d\u0438\u0439. \u041e\u0444\u0438\u0441\u044b \u0438 \u0441\u043a\u043b\u0430\u0434\u044b \u0432 \u0421\u0442\u0430\u043c\u0431\u0443\u043b\u0435 \u0438 \u041c\u043e\u0441\u043a\u0432\u0435\n\u041a\u043e\u043c\u043f\u0430\u043d\u0438\u044f monde foreign trade \u043e\u0441\u0443\u0449\u0435\u0441\u0442\u0432\u043b\u044f\u0435\u0442 \u043e\u0441\u043d\u043e\u0432\u043d\u0443\u044e \u0447\u0430\u0441\u0442\u044c \u0441\u0432\u043e\u0435\u0439 \u043a\u043e\u043c\u043c\u0435\u0440\u0447\u0435\u0441\u043a\u043e\u0439 \u0434\u0435\u044f\u0442\u0435\u043b\u044c\u043d\u043e\u0441\u0442\u0438 \u0441 \u0420\u043e\u0441\u0441\u0438\u0435\u0439.\n\n<\/p>\r\n\t\t\t\t\t\t\r\n\t\t\t\t\t\t<div class=\"d-inline d-md-flex align-items-center mt-40\">\r\n\r\n\t\t\t\t\t\t\t\r\n\t\t\t\t\t\t\t\r\n\t\t\t\t\t\t<\/div>\r\n\r\n\t\t\t\t\t<\/div>\r\n\r\n\t\t\t\t<\/div>\r\n\r\n\t\t\t<\/div>\r\n\r\n\t\t<\/section>\r\n\r\n\t\t\t\t\t<\/div>\n\t\t\t\t<\/div>\n\t\t\t\t\t<\/div>\n\t\t<\/div>\n\t\t\t\t\t<\/div>\n\t\t<\/section>\n\t\t\t\t<section class=\"elementor-section elementor-top-section elementor-element elementor-element-64c83ef elementor-section-full_width elementor-section-height-default elementor-section-height-default\" data-id=\"64c83ef\" data-element_type=\"section\" data-e-type=\"section\">\n\t\t\t\t\t\t<div class=\"elementor-container elementor-column-gap-no\">\n\t\t\t\t\t<div class=\"elementor-column elementor-col-100 elementor-top-column elementor-element elementor-element-e139787\" data-id=\"e139787\" data-element_type=\"column\" data-e-type=\"column\">\n\t\t\t<div class=\"elementor-widget-wrap elementor-element-populated\">\n\t\t\t\t\t\t<div class=\"elementor-element elementor-element-eff5db8 elementor-align-left elementor-widget elementor-widget-home-1-choose\" data-id=\"eff5db8\" data-element_type=\"widget\" data-e-type=\"widget\" data-widget_type=\"home-1-choose.default\">\n\t\t\t\t<div class=\"elementor-widget-container\">\n\t\t\t\t\t\r\n\t\t\t\t<section class=\"pdt-90 bg-pos-center-center\" data-background=\"https:\/\/shtheme.org\/demosd\/logistek\/wp-content\/uploads\/2021\/04\/3.jpg\" data-overlay-dark=\"6\">\r\n\t\t\r\n\t\t\t<div class=\"section-content\">\r\n\r\n\t\t\t\t<div class=\"container-fluid\">\r\n\r\n\t\t\t\t\t<div class=\"row justify-content-start\">\r\n\r\n\t\t\t\t\t\t<div class=\"col-md-12 col-lg-6 col-xl-6\">\r\n\r\n\t\t\t\t\t\t\t\t\t\t\t\t\t\t<div class=\"about-image-block-3\">\r\n\t\t\t\t\t\t\t\t<img decoding=\"async\" class=\"left-infinite-img img-full\" src=\"https:\/\/shtheme.org\/demosd\/logistek\/wp-content\/uploads\/2021\/04\/person2.png\" alt=\"\">\r\n\t\t\t\t\t\t\t<\/div>\r\n\t\t\t\t\t\t\t\r\n\t\t\t\t\t\t<\/div>\r\n\r\n\t\t\t\t\t\t<div class=\"col-md-12 col-lg-6 col-xl-4 p-md-5 pd-sm-25 pdt-30\">\r\n\r\n\t\t\t\t\t\t\t\t\t\t\t\t\t\t<h5 class=\"mrb-15 text-white side-line-left\">\u041f\u043e\u0447\u0435\u043c\u0443 \u0432\u044b\u0431\u0438\u0440\u0430\u044e\u0442 \u043d\u0430\u0441<\/h5>\r\n\t\t\t\t\t\t\t\r\n\t\t\t\t\t\t\t\t\t\t\t\t\t\t<h2 class=\"text-white mrb-30\">\u041c\u044b \u043f\u0440\u0435\u0434\u043b\u0430\u0433\u0430\u0435\u043c \u0431\u044b\u0441\u0442\u0440\u043e\u0435 \u0438 \u043d\u0430\u0434\u0435\u0436\u043d\u043e\u0435 \u043e\u0431\u0441\u043b\u0443\u0436\u0438\u0432\u0430\u043d\u0438\u0435 \u0434\u043b\u044f \u0432\u0430\u0441.<\/h2>\r\n\t\t\t\t\t\t\t\r\n\t\t\t\t\t\t\t\t\t\t\t\t\t\t<p class=\"text-white mrb-40\">\u041c\u044b \u043f\u0440\u043e\u0434\u043e\u043b\u0436\u0430\u0435\u043c \u0441\u043e\u0432\u0435\u0440\u0448\u0435\u043d\u0441\u0442\u0432\u043e\u0432\u0430\u0442\u044c\u0441\u044f, \u043f\u0440\u0438\u043d\u0438\u043c\u0430\u044f \u0432\u043e \u0432\u043d\u0438\u043c\u0430\u043d\u0438\u0435 \u0432\u0441\u0435 \u043f\u043e\u043b\u043e\u0436\u0438\u0442\u0435\u043b\u044c\u043d\u044b\u0435 \u0438 \u043e\u0442\u0440\u0438\u0446\u0430\u0442\u0435\u043b\u044c\u043d\u044b\u0435 \u043a\u0440\u0438\u0442\u0438\u0447\u0435\u0441\u043a\u0438\u0435 \u0437\u0430\u043c\u0435\u0447\u0430\u043d\u0438\u044f \u0441 \u0432\u0430\u0448\u0435\u0439 \u0441\u0442\u043e\u0440\u043e\u043d\u044b.<\/p>\r\n\t\t\t\t\t\t\t\r\n\t\t\t\t\t\t\t\r\n\t\t\t\t\t\t<\/div>\r\n\r\n\t\t\t\t\t<\/div>\r\n\r\n\t\t\t\t<\/div>\r\n\r\n\t\t\t<\/div>\r\n\r\n\t\t<\/section>\r\n\r\n\t\t\t\t\t<\/div>\n\t\t\t\t<\/div>\n\t\t\t\t\t<\/div>\n\t\t<\/div>\n\t\t\t\t\t<\/div>\n\t\t<\/section>\n\t\t\t\t<\/div>","protected":false},"excerpt":{"rendered":"<p>Hakk\u0131m\u0131zda Home Hakk\u0131m\u0131zda Sizlere en iyi hizmeti vermek i\u00e7in s\u00fcrekli planlamalar yap\u0131yoruz. Monde D\u0131\u015f Ticaret Bizi Tan\u0131y\u0131n Organizasyon Y\u00f6netimi E-Ticaret Yeniliklerimiz M\u00fc\u015fteri \u0130li\u015fkilerimizi Geli\u015ftirmek Vizyonumuz Ve Misyonumuz MONDE DI\u015e T\u0130CARET 2014 y\u0131l\u0131nda \u0130stanbul\u2019da kurulmu\u015ftur. D\u0131\u015f ticaret, e-ticaret ve e-shop olarak bildi\u011fimiz alanlarda pazarlama ve sat\u0131\u015f uygulamalar\u0131 yapmaktad\u0131r. Kuruldu\u011fu g\u00fcnden itibaren en k\u00f6kl\u00fc amac\u0131 T\u00fcrk firmalar\u0131n\u0131n [&hellip;]<\/p>\n","protected":false},"author":1,"featured_media":0,"parent":0,"menu_order":0,"comment_status":"closed","ping_status":"closed","template":"page-templates\/home.php","meta":{"footnotes":""},"class_list":["post-120","page","type-page","status-publish","hentry"],"_links":{"self":[{"href":"https:\/\/www.mondedisticaret.com\/ru\/wp-json\/wp\/v2\/pages\/120","targetHints":{"allow":["GET"]}}],"collection":[{"href":"https:\/\/www.mondedisticaret.com\/ru\/wp-json\/wp\/v2\/pages"}],"about":[{"href":"https:\/\/www.mondedisticaret.com\/ru\/wp-json\/wp\/v2\/types\/page"}],"author":[{"embeddable":true,"href":"https:\/\/www.mondedisticaret.com\/ru\/wp-json\/wp\/v2\/users\/1"}],"replies":[{"embeddable":true,"href":"https:\/\/www.mondedisticaret.com\/ru\/wp-json\/wp\/v2\/comments?post=120"}],"version-history":[{"count":6,"href":"https:\/\/www.mondedisticaret.com\/ru\/wp-json\/wp\/v2\/pages\/120\/revisions"}],"predecessor-version":[{"id":577,"href":"https:\/\/www.mondedisticaret.com\/ru\/wp-json\/wp\/v2\/pages\/120\/revisions\/577"}],"wp:attachment":[{"href":"https:\/\/www.mondedisticaret.com\/ru\/wp-json\/wp\/v2\/media?parent=120"}],"curies":[{"name":"wp","href":"https:\/\/api.w.org\/{rel}","templated":true}]}}